{"id":374,"date":"2025-04-13T11:52:34","date_gmt":"2025-04-13T11:52:34","guid":{"rendered":"https:\/\/resolution.lt\/?page_id=374"},"modified":"2025-05-29T19:34:30","modified_gmt":"2025-05-29T19:34:30","slug":"privatumo-politika","status":"publish","type":"page","link":"https:\/\/www.resolution.lt\/en\/privatumo-politika\/","title":{"rendered":"Privacy Policy and Cookie Use"},"content":{"rendered":"<div id=\"fws_69f642d480dea\"  data-column-margin=\"default\" data-midnight=\"dark\" data-bottom-percent=\"5%\"  data-bg-mobile-hidden=\"true\" class=\"wpb_row vc_row-fluid vc_row full-width-section  top_margin_5pct bottom_padding_tablet_15pct bottom_padding_phone_15pct\"  style=\"padding-top: 0px; padding-bottom: calc(100vw * 0.05); \"><div class=\"row-bg-wrap\" data-bg-animation=\"none\" data-bg-animation-delay=\"\" data-bg-overlay=\"false\"><div class=\"inner-wrap row-bg-layer using-image\" ><div class=\"row-bg viewport-desktop using-image\"  style=\"background-image: url(https:\/\/www.resolution.lt\/wp-content\/uploads\/2025\/03\/back.png); background-position: left top; background-repeat: no-repeat; \"><\/div><\/div><\/div><div class=\"row_col_wrap_12 col span_12 dark left\">\n\t<div  class=\"vc_col-sm-4 wpb_column column_container vc_column_container col no-extra-padding inherit_tablet inherit_phone\"  data-padding-pos=\"all\" data-has-bg-color=\"false\" data-bg-color=\"\" data-bg-opacity=\"1\" data-animation=\"\" data-delay=\"0\" >\n\t\t<div class=\"vc_column-inner\" >\n\t\t\t<div class=\"wpb_wrapper\">\n\t\t\t\t\n\t\t\t<\/div> \n\t\t<\/div>\n\t<\/div> \n\n\t<div  class=\"vc_col-sm-8 wpb_column column_container vc_column_container col right_padding_desktop_15pct\"  data-padding-pos=\"all\" data-has-bg-color=\"false\" data-bg-color=\"\" data-bg-opacity=\"1\" data-animation=\"\" data-delay=\"0\" >\n\t\t<div class=\"vc_column-inner\" >\n\t\t\t<div class=\"wpb_wrapper\">\n\t\t\t\t<h1 style=\"font-size: 60px;line-height: 1;text-align: left\" class=\"vc_custom_heading vc_do_custom_heading\" >Privacy Policy and Cookie Use<\/h1><div class=\"divider-wrap\" data-alignment=\"default\"><div style=\"height: 60px;\" class=\"divider\"><\/div><\/div>\n<div class=\"wpb_text_column wpb_content_element\" >\n\t<div class=\"wpb_wrapper\">\n\t\t<p><strong>1. General Information<\/strong><br \/>\nUAB \"Resolution\" (hereinafter \u2013 the Company), which operates the website www.resolution.lt, respects your privacy and is committed to protecting your personal data. This privacy policy explains how we collect, use, and protect your information, and how cookies are used.<\/p>\n<p><strong>2. Data Collection and Processing<\/strong><br \/>\nThe Company may collect the following information:<br \/>\n- Name and surname<br \/>\n- Email address<br \/>\n- Phone number<br \/>\n- IP address<br \/>\n- Cookie information<\/p>\n<p>Your data is used for:<br \/>\n- Event or meeting registration<br \/>\n- Direct marketing (if consented)<br \/>\n- Website improvement and personalization<\/p>\n<p><strong>3. Cookies<\/strong><br \/>\nWhat are cookies?<\/p>\n<p>Cookies are small files stored in your browser to improve site functionality and user experience.<\/p>\n<p><strong>Types of cookies used:<\/strong><br \/>\n1. Essential cookies<br \/>\n2. Analytical cookies<br \/>\n3. Functional cookies<br \/>\n4. Targeting\/advertising cookies<br \/>\nCookies used on this site:<\/p>\n\t<\/div>\n<\/div>\n\n\n\n\n<div class=\"wpb_text_column wpb_content_element\" >\n\t<div class=\"wpb_wrapper\">\n\t\t<table>\n<tbody>\n<tr>\n<td width=\"146\">Function<\/td>\n<td width=\"146\">Cookie Name<\/td>\n<td width=\"146\">Validity Period<\/td>\n<td width=\"146\">Description<\/td>\n<\/tr>\n<tr>\n<td width=\"146\">Session identification<\/td>\n<td width=\"146\">October_session<\/td>\n<td width=\"146\">Until browser is closed<\/td>\n<td width=\"146\">Unique ID<\/td>\n<\/tr>\n<tr>\n<td width=\"146\">User identification<\/td>\n<td width=\"146\">_ga<\/td>\n<td width=\"146\">2 years<\/td>\n<td width=\"146\">Randomly generated short ID<\/td>\n<\/tr>\n<tr>\n<td width=\"146\">User recognition<\/td>\n<td width=\"146\">_gid<\/td>\n<td width=\"146\">1 day<\/td>\n<td width=\"146\">Randomly generated short ID<\/td>\n<\/tr>\n<tr>\n<td width=\"146\">Google Analytics link<\/td>\n<td width=\"146\">_utmt_UA_XXX<\/td>\n<td width=\"146\">6 months<\/td>\n<td width=\"146\">Connection with GA account<\/td>\n<\/tr>\n<tr>\n<td width=\"146\">User source tracking<\/td>\n<td width=\"146\">__utma, _utmb, _utmc<\/td>\n<td width=\"146\">2 years<\/td>\n<td width=\"146\">Source, referral tracking<\/td>\n<\/tr>\n<\/tbody>\n<\/table>\n\t<\/div>\n<\/div>\n\n\n\n\n<div class=\"wpb_text_column wpb_content_element\" >\n\t<div class=\"wpb_wrapper\">\n\t\t<p><strong>4. Consent and Cookie Management<\/strong><br \/>\nWhen you first visit the website, you will be presented with a cookie notification where you can:<br \/>\n- Accept all cookies;<br \/>\n- Accept only essential cookies;<br \/>\n- Manage cookie preferences.<\/p>\n<p>You can change your cookie preferences at any time in your browser settings or via the \u201cCookie Settings\u201d link in the footer.<\/p>\n<p><strong>5. Your Rights<\/strong><br \/>\nAccording to the GDPR, you have the right to:<br \/>\n- Access your data<br \/>\n- Request correction or deletion<br \/>\n- Opt out of direct marketing<br \/>\n- File a complaint with the State Data Protection Inspectorate<\/p>\n<p><strong>6. Contact<\/strong><br \/>\nEmail: info@resolution.lt<\/p>\n\t<\/div>\n<\/div>\n\n\n\n\n\t\t\t<\/div> \n\t\t<\/div>\n\t<\/div> \n<\/div><\/div>","protected":false},"excerpt":{"rendered":"Privatumo politika 1. Bendra informacija UAB \"Resolut\" (toliau \u2013 Bendrov\u0117), valdanti interneto svetain\u0119 www.resolution.lt, gerbia savo lankytojo (toliau \u2013 J\u016bs\u0173) privatum\u0105 ir siekia u\u017etikrinti J\u016bs\u0173 asmens duomen\u0173 apsaug\u0105. \u0160i privatumo...","protected":false},"author":1,"featured_media":0,"parent":0,"menu_order":0,"comment_status":"closed","ping_status":"closed","template":"","meta":{"footnotes":""},"class_list":["post-374","page","type-page","status-publish"],"_links":{"self":[{"href":"https:\/\/www.resolution.lt\/en\/wp-json\/wp\/v2\/pages\/374","targetHints":{"allow":["GET"]}}],"collection":[{"href":"https:\/\/www.resolution.lt\/en\/wp-json\/wp\/v2\/pages"}],"about":[{"href":"https:\/\/www.resolution.lt\/en\/wp-json\/wp\/v2\/types\/page"}],"author":[{"embeddable":true,"href":"https:\/\/www.resolution.lt\/en\/wp-json\/wp\/v2\/users\/1"}],"replies":[{"embeddable":true,"href":"https:\/\/www.resolution.lt\/en\/wp-json\/wp\/v2\/comments?post=374"}],"version-history":[{"count":9,"href":"https:\/\/www.resolution.lt\/en\/wp-json\/wp\/v2\/pages\/374\/revisions"}],"predecessor-version":[{"id":1236,"href":"https:\/\/www.resolution.lt\/en\/wp-json\/wp\/v2\/pages\/374\/revisions\/1236"}],"wp:attachment":[{"href":"https:\/\/www.resolution.lt\/en\/wp-json\/wp\/v2\/media?parent=374"}],"curies":[{"name":"wp","href":"https:\/\/api.w.org\/{rel}","templated":true}]}}